{"id":254,"date":"2023-06-18T19:27:38","date_gmt":"2023-06-18T17:27:38","guid":{"rendered":"https:\/\/mercurytrinemoonastro.com\/?post_type=product&#038;p=254"},"modified":"2025-12-07T17:12:08","modified_gmt":"2025-12-07T16:12:08","slug":"electional-reading","status":"publish","type":"product","link":"https:\/\/mercurytrinemoonastro.com\/pl\/produkt\/electional-reading\/","title":{"rendered":"Analiza elekcyjna"},"content":{"rendered":"<p>Need to find a perfect date for a publication, social media activity, signing a contract or other important event? I will get you sorted with that.<\/p>\n<p><strong>IMPORTANT NOTE: please state what the election is for and what your time frame is in the &#8220;ADDITIONAL INFO&#8221; tab on the checkout page.<\/strong><\/p>\n<p>Delivered in a pdf format within 10 days.<\/p>\n<p>&nbsp;<\/p>\n<p>POLSKI<\/p>\n<p>Kosmogram elekcyjny<\/p>\n<p>Potrzebujesz znale\u017a\u0107 idealn\u0105 dat\u0119 na publikacj\u0119, aktywno\u015b\u0107 na mediach spo\u0142eczno\u015bciowych, podpisanie umowy lub inne wa\u017cne wydarzenie? Pomog\u0119 ci z tym.<\/p>\n<p>Dostarczane w formacie pdf w ci\u0105gu 10 dni.<\/p>","protected":false},"excerpt":{"rendered":"<p>Need to find a perfect date for a publication, social media activity, signing a contract or other important event? I will get you sorted with that. IMPORTANT NOTE: please state what the election is for and what your time frame is in the &#8220;ADDITIONAL INFO&#8221; tab on the checkout page. Delivered in a pdf format&#8230;<\/p>","protected":false},"featured_media":688,"template":"","meta":{"iawp_total_views":31},"product_cat":[31],"product_tag":[],"acf":[],"_links":{"self":[{"href":"https:\/\/mercurytrinemoonastro.com\/pl\/wp-json\/wp\/v2\/product\/254"}],"collection":[{"href":"https:\/\/mercurytrinemoonastro.com\/pl\/wp-json\/wp\/v2\/product"}],"about":[{"href":"https:\/\/mercurytrinemoonastro.com\/pl\/wp-json\/wp\/v2\/types\/product"}],"wp:featuredmedia":[{"embeddable":true,"href":"https:\/\/mercurytrinemoonastro.com\/pl\/wp-json\/wp\/v2\/media\/688"}],"wp:attachment":[{"href":"https:\/\/mercurytrinemoonastro.com\/pl\/wp-json\/wp\/v2\/media?parent=254"}],"wp:term":[{"taxonomy":"product_cat","embeddable":true,"href":"https:\/\/mercurytrinemoonastro.com\/pl\/wp-json\/wp\/v2\/product_cat?post=254"},{"taxonomy":"product_tag","embeddable":true,"href":"https:\/\/mercurytrinemoonastro.com\/pl\/wp-json\/wp\/v2\/product_tag?post=254"}],"curies":[{"name":"wp","href":"https:\/\/api.w.org\/{rel}","templated":true}]}}