{"id":252,"date":"2023-06-18T18:30:04","date_gmt":"2023-06-18T16:30:04","guid":{"rendered":"https:\/\/mercurytrinemoonastro.com\/?post_type=product&#038;p=252"},"modified":"2025-08-06T22:13:49","modified_gmt":"2025-08-06T20:13:49","slug":"natal-chart-reading-personality-portrait","status":"publish","type":"product","link":"https:\/\/mercurytrinemoonastro.com\/pl\/produkt\/natal-chart-reading-personality-portrait\/","title":{"rendered":"Natal chart reading"},"content":{"rendered":"<p>Personality portrait.<\/p>\n<p>Perfect for those who are just getting into astrology and want to know basic things about their chart.<\/p>\n<p>Will cover character analysis, weaknesses and strengths + a question regarding a choosen topic: this can be whatever you want. Have relationships issues? Can&#8217;t choose a career path? I can address one of the subjects and try to help as much as I can.<\/p>\n<p>Delivered in a pdf format within 10 days.<\/p>\n<p>&nbsp;<\/p>\n<p>POLSKI:<\/p>\n<p>Osobisty portret astrologiczny<\/p>\n<p>Idealny dla tych, kt\u00f3rzy dopiero wdra\u017caj\u0105 si\u0119 w temat astrologii i chc\u0105 wiedzie\u0107 podstawowe informacje na temat swojego kosmogramu.<\/p>\n<p>Analiza zawiera opis charakteru, mocne i s\u0142abe strony + dodatkow\u0105 odpowied\u017a na wybrane pytanie: mo\u017ce to by\u0107 cokolwiek chcesz. Masz problemy w relacjach? Nie mo\u017cesz wybra\u0107 kariery? Mog\u0119 zaadresowa\u0107 jeden z temat\u00f3w i pom\u00f3c jak tylko mog\u0119.<\/p>\n<p>Dostarczane w formacie pdf w ci\u0105gu 10 dni.<\/p>\n<p>&nbsp;<\/p>\n<p>&nbsp;<\/p>","protected":false},"excerpt":{"rendered":"<p>Personality portrait. Perfect for those who are just getting into astrology and want to know basic things about their chart. Will cover character analysis, weaknesses and strengths + a question regarding a choosen topic: this can be whatever you want. Have relationships issues? Can&#8217;t choose a career path? I can address one of the subjects&#8230;<\/p>","protected":false},"featured_media":272,"template":"","meta":{"iawp_total_views":1},"product_cat":[31],"product_tag":[],"acf":[],"_links":{"self":[{"href":"https:\/\/mercurytrinemoonastro.com\/pl\/wp-json\/wp\/v2\/product\/252"}],"collection":[{"href":"https:\/\/mercurytrinemoonastro.com\/pl\/wp-json\/wp\/v2\/product"}],"about":[{"href":"https:\/\/mercurytrinemoonastro.com\/pl\/wp-json\/wp\/v2\/types\/product"}],"wp:featuredmedia":[{"embeddable":true,"href":"https:\/\/mercurytrinemoonastro.com\/pl\/wp-json\/wp\/v2\/media\/272"}],"wp:attachment":[{"href":"https:\/\/mercurytrinemoonastro.com\/pl\/wp-json\/wp\/v2\/media?parent=252"}],"wp:term":[{"taxonomy":"product_cat","embeddable":true,"href":"https:\/\/mercurytrinemoonastro.com\/pl\/wp-json\/wp\/v2\/product_cat?post=252"},{"taxonomy":"product_tag","embeddable":true,"href":"https:\/\/mercurytrinemoonastro.com\/pl\/wp-json\/wp\/v2\/product_tag?post=252"}],"curies":[{"name":"wp","href":"https:\/\/api.w.org\/{rel}","templated":true}]}}