{"id":245,"date":"2023-06-18T17:41:28","date_gmt":"2023-06-18T15:41:28","guid":{"rendered":"https:\/\/mercurytrinemoonastro.com\/?post_type=product&#038;p=245"},"modified":"2025-06-04T18:52:57","modified_gmt":"2025-06-04T16:52:57","slug":"studying-the-stars-e-book","status":"publish","type":"product","link":"https:\/\/mercurytrinemoonastro.com\/pl\/produkt\/studying-the-stars-e-book\/","title":{"rendered":"Studying the Stars e-book"},"content":{"rendered":"<h2>&#8220;STUDYING THE STARS: THE BASIS OF UNDERSTANDING AND ANALYZING ASTROLOGY&#8221;<\/h2>\n<p>Ksi\u0105\u017cka zawiera nowy materia\u0142, poza rozdzia\u0142em o Domach, kt\u00f3ry przeczyta\u0107 mo\u017cna w moich feliotonach na blogu. Ca\u0142o\u015b\u0107 to <strong>rozdzia\u0142y o planetach, znakach, aspektach, Domach<\/strong> i innych podstawach + rozdzia\u0142 o tym, jak z\u0142o\u017cy\u0107 to wszystko do kupy - rozk\u0142adam na czynniki pierwsze<strong> przyk\u0142adowe uk\u0142ady planetarne, aspekty mi\u0119dzy nimi i wi\u0119cej.<\/strong><\/p>\n<p>Stara\u0142am si\u0119 by\u0107 jak najbardziej precyzyjn\u0105, jak tylko si\u0119 da w swoich opisa\u0107 i skupi\u0107 si\u0119 na wymaganych podstawach. My\u015bl\u0119, \u017ce jest to \u015bwietny wst\u0119p dla tych, kt\u00f3rzy dopiero si\u0119 ucz\u0105 ale i r\u00f3wnie\u017c dla os\u00f3b, kt\u00f3re wst\u0119p do astrologii maj\u0105 ju\u017c za sob\u0105, a e-book mo\u017ce pos\u0142u\u017cy\u0107 im <strong>mini-\u015bci\u0105ga.<\/strong>Masz problem z jakim\u015b has\u0142em kluczowym dla kt\u00f3rej\u015b z planet? Szybko zajrzy\u0107 do e-booka i gotowe!<\/p>\n<p>Mam nadziej\u0119, \u017ce spodoba si\u0119 wam tak samo, jak podoba\u0142o mi si\u0119 pisanie tej mini-ksi\u0105\u017ceczki (z wyj\u0105tkiem formatowania bo to by\u0142 koszmar hehe). I tak, w dolnym rogu ok\u0142adki mo\u017cecie zobaczy\u0107 rysunkow\u0105 wersj\u0119 Wettiusza Walensa, tak dla rozrywki.<\/p>\n<p>Tekst i ilustracje stworzone przeze mnie.<\/p>\n<p>Opublikowane 10 kwietnia 2023 roku.<\/p>\n<p>ISBN: 978-83-967945-0-5<\/p>\n<p>E-book to 78 stron w pdf, w j\u0119zyku angielskim<\/p>\n<p>&nbsp;<\/p>","protected":false},"excerpt":{"rendered":"<p>&#8220;STUDYING THE STARS: THE BASIS OF UNDERSTANDING AND ANALYZING ASTROLOGY&#8221; The book contains all new material, except for the chapter on houses that I took from my two blog posts. You get full sections on planets, signs, aspects, houses etc + a chapter on how to put things together &#8211; I&#8217;m dissecting exemplary planetary placements,&#8230;<\/p>","protected":false},"featured_media":246,"template":"","meta":{"iawp_total_views":11},"product_cat":[32],"product_tag":[],"acf":[],"_links":{"self":[{"href":"https:\/\/mercurytrinemoonastro.com\/pl\/wp-json\/wp\/v2\/product\/245"}],"collection":[{"href":"https:\/\/mercurytrinemoonastro.com\/pl\/wp-json\/wp\/v2\/product"}],"about":[{"href":"https:\/\/mercurytrinemoonastro.com\/pl\/wp-json\/wp\/v2\/types\/product"}],"wp:featuredmedia":[{"embeddable":true,"href":"https:\/\/mercurytrinemoonastro.com\/pl\/wp-json\/wp\/v2\/media\/246"}],"wp:attachment":[{"href":"https:\/\/mercurytrinemoonastro.com\/pl\/wp-json\/wp\/v2\/media?parent=245"}],"wp:term":[{"taxonomy":"product_cat","embeddable":true,"href":"https:\/\/mercurytrinemoonastro.com\/pl\/wp-json\/wp\/v2\/product_cat?post=245"},{"taxonomy":"product_tag","embeddable":true,"href":"https:\/\/mercurytrinemoonastro.com\/pl\/wp-json\/wp\/v2\/product_tag?post=245"}],"curies":[{"name":"wp","href":"https:\/\/api.w.org\/{rel}","templated":true}]}}