{"id":622,"date":"2024-03-25T19:36:18","date_gmt":"2024-03-25T18:36:18","guid":{"rendered":"https:\/\/mercurytrinemoonastro.com\/?page_id=622"},"modified":"2025-06-04T18:57:03","modified_gmt":"2025-06-04T16:57:03","slug":"about","status":"publish","type":"page","link":"https:\/\/mercurytrinemoonastro.com\/pl\/about\/","title":{"rendered":"O MNIE"},"content":{"rendered":"<p><span class=\"aboutpage\">Hej, mam na imi\u0119 Olivia Serafinowski i uwielbiam gl\u0119dzi\u0107 o planetach.<\/span><\/p>\n\n\n\n<p>Dorastaj\u0105c z rodzicem astrologiem, od zawsze by\u0142am zaznajomiona z fundamentalnym zrozumieniem astrologii i kosmogram\u00f3w, co zapewne ogromnie pomog\u0142o mi w szybkim przyswojeniu wi\u0119kszej ilo\u015bci wiedzy na jej temat ju\u017c jako doros\u0142a osoba. M\u00f3j powa\u017cny krok w stron\u0119 podj\u0119cia g\u0142\u0119bszych nauk astrologicznych zacz\u0105\u0142 si\u0119 w 2019 roku w czasie mojego Powrotu Saturna. Poch\u0142aniaj\u0105c wr\u0119cz to, czego ucz\u0105 wsp\u00f3\u0142czesne \u017ar\u00f3d\u0142a w kr\u00f3tkim czasie, szybko zainteresowa\u0142am si\u0119 staro\u017cytn\u0105 astrologi\u0105 i od tego czasu wdro\u017cy\u0142am tradycyjne techniki w moj\u0105 praktyk\u0119.<br><br><\/p>\n\n\n\n<p><span class=\"aboutpage\">Moje podej\u015bcie<\/span><\/p>\n\n\n\n<p>Jako dziennikarka i kulturoznawca z wykszta\u0142cenia, uwielbiam pisa\u0107 i analizowa\u0107 przer\u00f3\u017cne tematy i patrze\u0107 na nie przez pryzmat astrologii. Jako Strzelec z krwi i ko\u015bci, moim zami\u0142owaniem nie tylko jest uczy\u0107 i prowadzi\u0107 innych, ale tak\u017ce szuka\u0107 i zadawa\u0107 pytania. St\u0105d moje eseje i poradniki na temat astrologii oraz m\u00f3j ma\u0142y e-book, kt\u00f3ry s\u0142u\u017cy jako sp\u00f3jny i \u0142atwy w przyswojeniu wst\u0119p do czytania z gwiazd. Moje podej\u015bcie do astrologii jest holistyczne w naturze i pr\u00f3buj\u0119 podchodzi\u0107 do niej w spos\u00f3b ca\u0142o\u015bciowy, t\u0142umaczy\u0107 \"co i dlaczego\". Jak zawsze powtarzam, tutaj nie uprawiamy selektywnej astrologii i zdecydowanie nie takiej, kt\u00f3ra bazuje na stereotypach i uprzedzeniach.<br><br><\/p>\n\n\n\n<p><span class=\"aboutpage\">Moje techniki<\/span><\/p>\n\n\n\n<p>Z wielk\u0105 ch\u0119ci\u0105 pomog\u0119 Tobie nawigowa\u0107 przez \u017cycie z pomoc\u0105 astrologii. Moje analizy s\u0105 oparte na zodiaku tropikalnym i z u\u017cyciem systemu pe\u0142nych Dom\u00f3w. Opr\u00f3cz 10 podstawowych planet lubi\u0119 w\u0142\u0105cza\u0107 w moje badania Chirona oraz punkty arabskie. Moje podej\u015bcie do analizy jest bardziej pragmatyczne z ma\u0142\u0105 szczypt\u0105 astrologii psychologicznej. Je\u015bli chodzi o techniki prognostyczne, moj\u0105 baz\u0105 s\u0105 zawsze: profekcje, tranzyty i progresje oraz, je\u015bli to wymagane, solariusze i ZR.<\/p>\n\n\n\n<p><\/p>\n\n\n\n<p>Felietonistka astrologiczna dla:<\/p>\n\n\n\n<p><a href=\"http:\/\/www.wrozka.com.pl\" target=\"_blank\" rel=\"noreferrer noopener\"><img decoding=\"async\" loading=\"lazy\" width=\"170\" height=\"40\" class=\"wp-image-811\" style=\"width: 150px;\" src=\"http:\/\/mercurytrinemoonastro.com\/wp-content\/uploads\/2024\/10\/wrozka_h.png\" alt=\"\"><\/a><a href=\"https:\/\/www.astromagia.pl\/szukaj?search=Olivia+Serafinowski\" target=\"_blank\" rel=\"noreferrer noopener\"><img decoding=\"async\" loading=\"lazy\" width=\"186\" height=\"40\" class=\"wp-image-810\" style=\"width: 150px;\" src=\"http:\/\/mercurytrinemoonastro.com\/wp-content\/uploads\/2024\/10\/astromagia_h.png\" alt=\"\"><\/a><\/p>\n\n\n\n<p><\/p>\n\n\n\n<p><span class=\"aboutpage\">Kontakt<\/span><\/p>\n\n\n\n<p><a href=\"mailto:mercurytrinemoon@gmail.com\">mercurytrinemoon@gmail.com<\/a><\/p>\n\n\n\n<p><a href=\"mailto:olivia.serafinowski@gmail.com\">olivia.serafinowski@gmail.com<\/a><\/p>","protected":false},"excerpt":{"rendered":"<p>Hi, my name is Olivia Serafinowski and I like to blab about planets and stuff. Growing up around an astrologer parent, I was always familiar with fundamental understanding on astrology and natal charts, which probably helped a bunch in acquiring more knowledge on the topic with much ease down the line, as an adult. My&#8230;<\/p>","protected":false},"author":1,"featured_media":0,"parent":0,"menu_order":0,"comment_status":"closed","ping_status":"closed","template":"","meta":{"iawp_total_views":54},"acf":[],"_links":{"self":[{"href":"https:\/\/mercurytrinemoonastro.com\/pl\/wp-json\/wp\/v2\/pages\/622"}],"collection":[{"href":"https:\/\/mercurytrinemoonastro.com\/pl\/wp-json\/wp\/v2\/pages"}],"about":[{"href":"https:\/\/mercurytrinemoonastro.com\/pl\/wp-json\/wp\/v2\/types\/page"}],"author":[{"embeddable":true,"href":"https:\/\/mercurytrinemoonastro.com\/pl\/wp-json\/wp\/v2\/users\/1"}],"replies":[{"embeddable":true,"href":"https:\/\/mercurytrinemoonastro.com\/pl\/wp-json\/wp\/v2\/comments?post=622"}],"version-history":[{"count":19,"href":"https:\/\/mercurytrinemoonastro.com\/pl\/wp-json\/wp\/v2\/pages\/622\/revisions"}],"predecessor-version":[{"id":873,"href":"https:\/\/mercurytrinemoonastro.com\/pl\/wp-json\/wp\/v2\/pages\/622\/revisions\/873"}],"wp:attachment":[{"href":"https:\/\/mercurytrinemoonastro.com\/pl\/wp-json\/wp\/v2\/media?parent=622"}],"curies":[{"name":"wp","href":"https:\/\/api.w.org\/{rel}","templated":true}]}}